{"id":1586,"date":"2024-06-10T14:03:36","date_gmt":"2024-06-10T12:03:36","guid":{"rendered":"https:\/\/nubi-desserts.fr\/?page_id=1586"},"modified":"2024-06-17T11:50:35","modified_gmt":"2024-06-17T09:50:35","slug":"tiramisu-fruits-exotiques","status":"publish","type":"page","link":"https:\/\/nubi-desserts.fr\/index.php\/tiramisu-fruits-exotiques\/","title":{"rendered":"Tiramisu Fruits \u00e9xotiques"},"content":{"rendered":"\t\t<div data-elementor-type=\"wp-page\" data-elementor-id=\"1586\" class=\"elementor elementor-1586\" data-elementor-settings=\"{&quot;ha_cmc_init_switcher&quot;:&quot;no&quot;}\">\n\t\t\t\t<div class=\"elementor-element elementor-element-2674c0ff e-flex e-con-boxed wpr-particle-no wpr-jarallax-no wpr-parallax-no wpr-sticky-section-no e-con e-parent\" data-id=\"2674c0ff\" data-element_type=\"container\" data-settings=\"{&quot;_ha_eqh_enable&quot;:false}\">\n\t\t\t\t\t<div class=\"e-con-inner\">\n\t\t\t\t<div class=\"elementor-element elementor-element-6eddbb55 elementor-widget elementor-widget-heading\" data-id=\"6eddbb55\" data-element_type=\"widget\" data-widget_type=\"heading.default\">\n\t\t\t\t<div class=\"elementor-widget-container\">\n\t\t\t\t\t<h2 class=\"elementor-heading-title elementor-size-default\">TIRAMISU Exotique<\/h2>\t\t\t\t<\/div>\n\t\t\t\t<\/div>\n\t\t\t\t\t<\/div>\n\t\t\t\t<\/div>\n\t\t<div class=\"elementor-element elementor-element-4cf2ca94 e-flex e-con-boxed wpr-particle-no wpr-jarallax-no wpr-parallax-no wpr-sticky-section-no e-con e-parent\" data-id=\"4cf2ca94\" data-element_type=\"container\" data-settings=\"{&quot;_ha_eqh_enable&quot;:false}\">\n\t\t\t\t\t<div class=\"e-con-inner\">\n\t\t<div class=\"elementor-element elementor-element-4f67fd8b e-con-full e-flex wpr-particle-no wpr-jarallax-no wpr-parallax-no wpr-sticky-section-no e-con e-child\" data-id=\"4f67fd8b\" data-element_type=\"container\" data-settings=\"{&quot;_ha_eqh_enable&quot;:false}\">\n\t\t\t\t<div class=\"elementor-element elementor-element-4b86e40a elementor-widget elementor-widget-image\" data-id=\"4b86e40a\" data-element_type=\"widget\" data-widget_type=\"image.default\">\n\t\t\t\t<div class=\"elementor-widget-container\">\n\t\t\t\t\t\t\t\t\t\t\t\t\t\t\t<img fetchpriority=\"high\" decoding=\"async\" width=\"800\" height=\"800\" src=\"https:\/\/nubi-desserts.fr\/wp-content\/uploads\/2024\/06\/exotique-min-1024x1024.webp\" class=\"attachment-large size-large wp-image-2438\" alt=\"\" srcset=\"https:\/\/nubi-desserts.fr\/wp-content\/uploads\/2024\/06\/exotique-min-1024x1024.webp 1024w, https:\/\/nubi-desserts.fr\/wp-content\/uploads\/2024\/06\/exotique-min-300x300.webp 300w, https:\/\/nubi-desserts.fr\/wp-content\/uploads\/2024\/06\/exotique-min-150x150.webp 150w, https:\/\/nubi-desserts.fr\/wp-content\/uploads\/2024\/06\/exotique-min-768x768.webp 768w, https:\/\/nubi-desserts.fr\/wp-content\/uploads\/2024\/06\/exotique-min-1536x1536.webp 1536w, https:\/\/nubi-desserts.fr\/wp-content\/uploads\/2024\/06\/exotique-min.webp 2000w\" sizes=\"(max-width: 800px) 100vw, 800px\" \/>\t\t\t\t\t\t\t\t\t\t\t\t\t\t\t<\/div>\n\t\t\t\t<\/div>\n\t\t\t\t<div class=\"elementor-element elementor-element-1bd39c0b ha-has-bg-overlay elementor-widget elementor-widget-text-editor\" data-id=\"1bd39c0b\" data-element_type=\"widget\" data-widget_type=\"text-editor.default\">\n\t\t\t\t<div class=\"elementor-widget-container\">\n\t\t\t\t\t\t\t\t\t<p><strong>POIDS NET<\/strong> : 100 g<br \/>A consommer de pr\u00e9f\u00e9rence avant le : voir sous le pot.<br \/>A conserver \u00e0 -18\u00b0C.<br \/>Apr\u00e8s d\u00e9cong\u00e9lation, \u00e0 conserver entre 0 et +4\u00b0C au maximum 72h.<br \/>Pr\u00e9paration : laisser d\u00e9congeler entre 0 et +4\u00b0C pendant 3h avant d\u00e9gustation.<br \/><strong>NE JAMAIS RECONGELER UN PRODUIT DECONGELE<\/strong>.<\/p>\t\t\t\t\t\t\t\t<\/div>\n\t\t\t\t<\/div>\n\t\t\t\t<\/div>\n\t\t<div class=\"elementor-element elementor-element-58611dff e-con-full e-flex wpr-particle-no wpr-jarallax-no wpr-parallax-no wpr-sticky-section-no e-con e-child\" data-id=\"58611dff\" data-element_type=\"container\" data-settings=\"{&quot;_ha_eqh_enable&quot;:false}\">\n\t\t\t\t<div class=\"elementor-element elementor-element-18f2455c elementor-widget elementor-widget-text-editor\" data-id=\"18f2455c\" data-element_type=\"widget\" data-widget_type=\"text-editor.default\">\n\t\t\t\t<div class=\"elementor-widget-container\">\n\t\t\t\t\t\t\t\t\t<p><strong>P\u00e2tisserie \u00e0 la cr\u00e8me au mascarpone 22,4%, avec g\u00e9noise 8,7% et coulis de fruits exotiques 11,5%.<\/strong><\/p><p><em><strong>Produit surgel\u00e9<\/strong><\/em><\/p><p><strong>Ingr\u00e9dients :<\/strong><\/p><div><div dir=\"auto\" data-message-author-role=\"assistant\" data-message-id=\"78f6e9f8-4956-4418-b632-0f7c45762a04\"><p>M\u00e9lange de cr\u00e8me et de mascarpone [cr\u00e8me de <strong>LAIT<\/strong> pasteuris\u00e9e, mascarpone 22,4% (cr\u00e8me de <strong>LAIT<\/strong>, acide citrique), <strong>LAIT<\/strong> \u00e9cr\u00e9m\u00e9 en poudre, stabilisant : E401], coulis exotique 11,5% [pur\u00e9e de fruits exotiques 8,5% (ananas, mangue, fruit de la passion et citron vert), sirop de sucre inverti, sucre, stabilisant : E415], jaune d&#8217;<strong>\u0152UF<\/strong>, g\u00e9noise 8,7% [farine de <strong>BLE<\/strong>, amidon de <strong>BLE<\/strong>, amidon de riz, \u00e9mulsifiant : E475, sel, extrait de carotte, ar\u00f4me naturel de vanille, enzyme (alpha-amylase), sucre, <strong>\u0152UF<\/strong>.<\/p><p>Traces possibles de <strong>: FRUITS A COQUES, SOJA<\/strong><\/p><p><em>\u00ab\u00a0Conditionn\u00e9 sous atmosph\u00e8re protectrice\u00a0\u00bb<\/em><\/p><\/div><\/div>\t\t\t\t\t\t\t\t<\/div>\n\t\t\t\t<\/div>\n\t\t\t\t<div class=\"elementor-element elementor-element-2c6ba2a9 eael-table-align-left eael-dt-th-align-left elementor-widget elementor-widget-eael-data-table\" data-id=\"2c6ba2a9\" data-element_type=\"widget\" data-widget_type=\"eael-data-table.default\">\n\t\t\t\t<div class=\"elementor-widget-container\">\n\t\t\t\t\t\t\t<div class=\"eael-data-table-wrap\" data-table_id=\"2c6ba2a9\" id=\"eael-data-table-wrapper-2c6ba2a9\" data-custom_responsive=\"false\">\n\t\t\t<table class=\"tablesorter eael-data-table left\" id=\"eael-data-table-2c6ba2a9\">\n\t\t\t    <thead>\n\t\t\t        <tr class=\"table-header\">\n\t\t\t\t\t\t\t\t\t            <th class=\"\" id=\"\" colspan=\"\">\n\t\t\t\t\t\t\t\t\t\t\t\t\t\t<span class=\"data-table-header-text\">Valeurs nutritionnelles moyennes pour 100g<\/span><\/th>\n\t\t\t        \t\t\t\t            <th class=\"\" id=\"\" colspan=\"\">\n\t\t\t\t\t\t\t\t\t\t\t\t\t\t<span class=\"data-table-header-text\"><\/span><\/th>\n\t\t\t        \t\t\t\t        <\/tr>\n\t\t\t    <\/thead>\n\t\t\t  \t<tbody>\n\t\t\t\t\t\t\t\t\t\t\t<tr>\n\t\t\t\t\t\t\t\t\t\t\t\t\t\t\t\t   \t\t\t\t\t\t\t\t\t\t\t<td colspan=\"\" rowspan=\"\" class=\"\" id=\"\">\n\t\t\t\t\t\t\t\t\t\t\t\t<div class=\"td-content-wrapper\"><div class=\"td-content\">\n\t\t\t\t\t\t\t\t\t\t\t\t\tEnergie\t\t\t\t\t\t\t\t\t\t\t\t<\/div><\/div>\n\t\t\t\t\t\t\t\t\t\t\t<\/td>\n\t\t\t\t\t\t\t\t\t\t\t\t\t\t\t\t\t\t\t\t\t\t\t\t\t\t\t\t\t   \t\t\t\t\t\t\t\t\t\t\t<td colspan=\"\" rowspan=\"\" class=\"\" id=\"\">\n\t\t\t\t\t\t\t\t\t\t\t\t<div class=\"td-content-wrapper\"><div class=\"td-content\">\n\t\t\t\t\t\t\t\t\t\t\t\t\t1315 kJ &#8211; 317 kcal\t\t\t\t\t\t\t\t\t\t\t\t<\/div><\/div>\n\t\t\t\t\t\t\t\t\t\t\t<\/td>\n\t\t\t\t\t\t\t\t\t\t\t\t\t\t\t\t\t\t\t\t\t\t\t\t\t\t<\/tr>\n\t\t\t        \t\t\t\t\t\t<tr>\n\t\t\t\t\t\t\t\t\t\t\t\t\t\t\t\t   \t\t\t\t\t\t\t\t\t\t\t<td colspan=\"\" rowspan=\"\" class=\"\" id=\"\">\n\t\t\t\t\t\t\t\t\t\t\t\t<div class=\"td-content-wrapper\"><div class=\"td-content\">\n\t\t\t\t\t\t\t\t\t\t\t\t\tMati\u00e8res grasses \ndont acides gras satur\u00e9s\t\t\t\t\t\t\t\t\t\t\t\t<\/div><\/div>\n\t\t\t\t\t\t\t\t\t\t\t<\/td>\n\t\t\t\t\t\t\t\t\t\t\t\t\t\t\t\t\t\t\t\t\t\t\t\t\t\t\t\t\t   \t\t\t\t\t\t\t\t\t\t\t<td colspan=\"\" rowspan=\"\" class=\"\" id=\"\">\n\t\t\t\t\t\t\t\t\t\t\t\t<div class=\"td-content-wrapper\"><div class=\"td-content\">\n\t\t\t\t\t\t\t\t\t\t\t\t\t24,1 g &#8211; \n15,9 g\t\t\t\t\t\t\t\t\t\t\t\t<\/div><\/div>\n\t\t\t\t\t\t\t\t\t\t\t<\/td>\n\t\t\t\t\t\t\t\t\t\t\t\t\t\t\t\t\t\t\t\t\t\t\t\t\t\t<\/tr>\n\t\t\t        \t\t\t\t\t\t<tr>\n\t\t\t\t\t\t\t\t\t\t\t\t\t\t\t\t   \t\t\t\t\t\t\t\t\t\t\t<td colspan=\"\" rowspan=\"\" class=\"\" id=\"\">\n\t\t\t\t\t\t\t\t\t\t\t\t<div class=\"td-content-wrapper\"><div class=\"td-content\">\n\t\t\t\t\t\t\t\t\t\t\t\t\tGlucides \ndont sucres \t\t\t\t\t\t\t\t\t\t\t\t<\/div><\/div>\n\t\t\t\t\t\t\t\t\t\t\t<\/td>\n\t\t\t\t\t\t\t\t\t\t\t\t\t\t\t\t\t\t\t\t\t\t\t\t\t\t\t\t\t   \t\t\t\t\t\t\t\t\t\t\t<td colspan=\"\" rowspan=\"\" class=\"\" id=\"\">\n\t\t\t\t\t\t\t\t\t\t\t\t<div class=\"td-content-wrapper\"><div class=\"td-content\">\n\t\t\t\t\t\t\t\t\t\t\t\t\t20,8 g &#8211; 18,9 g\t\t\t\t\t\t\t\t\t\t\t\t<\/div><\/div>\n\t\t\t\t\t\t\t\t\t\t\t<\/td>\n\t\t\t\t\t\t\t\t\t\t\t\t\t\t\t\t\t\t\t\t\t\t\t\t\t\t<\/tr>\n\t\t\t        \t\t\t\t\t\t<tr>\n\t\t\t\t\t\t\t\t\t\t\t\t\t\t\t\t   \t\t\t\t\t\t\t\t\t\t\t<td colspan=\"\" rowspan=\"\" class=\"\" id=\"\">\n\t\t\t\t\t\t\t\t\t\t\t\t<div class=\"td-content-wrapper\"><div class=\"td-content\">\n\t\t\t\t\t\t\t\t\t\t\t\t\tProt\u00e9ines\t\t\t\t\t\t\t\t\t\t\t\t<\/div><\/div>\n\t\t\t\t\t\t\t\t\t\t\t<\/td>\n\t\t\t\t\t\t\t\t\t\t\t\t\t\t\t\t\t\t\t\t\t\t\t\t\t\t\t\t\t   \t\t\t\t\t\t\t\t\t\t\t<td colspan=\"\" rowspan=\"\" class=\"\" id=\"\">\n\t\t\t\t\t\t\t\t\t\t\t\t<div class=\"td-content-wrapper\"><div class=\"td-content\">\n\t\t\t\t\t\t\t\t\t\t\t\t\t4,1 g\t\t\t\t\t\t\t\t\t\t\t\t<\/div><\/div>\n\t\t\t\t\t\t\t\t\t\t\t<\/td>\n\t\t\t\t\t\t\t\t\t\t\t\t\t\t\t\t\t\t\t\t\t\t\t\t\t\t<\/tr>\n\t\t\t        \t\t\t\t\t\t<tr>\n\t\t\t\t\t\t\t\t\t\t\t\t\t\t\t\t   \t\t\t\t\t\t\t\t\t\t\t<td colspan=\"\" rowspan=\"\" class=\"\" id=\"\">\n\t\t\t\t\t\t\t\t\t\t\t\t<div class=\"td-content-wrapper\"><div class=\"td-content\">\n\t\t\t\t\t\t\t\t\t\t\t\t\tSel\t\t\t\t\t\t\t\t\t\t\t\t<\/div><\/div>\n\t\t\t\t\t\t\t\t\t\t\t<\/td>\n\t\t\t\t\t\t\t\t\t\t\t\t\t\t\t\t\t\t\t\t\t\t\t\t\t\t\t\t\t   \t\t\t\t\t\t\t\t\t\t\t<td colspan=\"\" rowspan=\"\" class=\"\" id=\"\">\n\t\t\t\t\t\t\t\t\t\t\t\t<div class=\"td-content-wrapper\"><div class=\"td-content\">\n\t\t\t\t\t\t\t\t\t\t\t\t\t0,17 g\t\t\t\t\t\t\t\t\t\t\t\t<\/div><\/div>\n\t\t\t\t\t\t\t\t\t\t\t<\/td>\n\t\t\t\t\t\t\t\t\t\t\t\t\t\t\t\t\t\t\t\t\t\t\t\t\t\t<\/tr>\n\t\t\t        \t\t\t    <\/tbody>\n\t\t\t<\/table>\n\t\t<\/div>\n\t  \t\t\t\t\t<\/div>\n\t\t\t\t<\/div>\n\t\t\t\t<\/div>\n\t\t\t\t\t<\/div>\n\t\t\t\t<\/div>\n\t\t<div class=\"elementor-element elementor-element-8c9360e e-flex e-con-boxed wpr-particle-no wpr-jarallax-no wpr-parallax-no wpr-sticky-section-no e-con e-parent\" data-id=\"8c9360e\" data-element_type=\"container\" data-settings=\"{&quot;background_background&quot;:&quot;classic&quot;,&quot;_ha_eqh_enable&quot;:false}\">\n\t\t\t\t\t<div class=\"e-con-inner\">\n\t\t<div class=\"elementor-element elementor-element-33ac03c3 e-con-full e-flex wpr-particle-no wpr-jarallax-no wpr-parallax-no wpr-sticky-section-no e-con e-child\" data-id=\"33ac03c3\" data-element_type=\"container\" data-settings=\"{&quot;_ha_eqh_enable&quot;:false}\">\n\t\t\t\t<div class=\"elementor-element elementor-element-17baf17a content-align-cta-default elementor-widget elementor-widget-eael-cta-box\" data-id=\"17baf17a\" data-element_type=\"widget\" data-widget_type=\"eael-cta-box.default\">\n\t\t\t\t<div class=\"elementor-widget-container\">\n\t\t\t\t\t\t\t<div class=\"eael-call-to-action cta-basic bg-lite cta-preset-1\">\n        <h2 class=\"title\">Envie de commercialiser nos produits ?<\/h2><p>Contactez-nous pour une collaboration savoureuse !<\/p><a href=\"https:\/\/nubi-desserts.fr\/index.php\/partenaire\/\" class=\"cta-button  \">Devenir partenaire<\/a>\t<\/div>\n\t\t\t\t\t\t\t\t<\/div>\n\t\t\t\t<\/div>\n\t\t\t\t<\/div>\n\t\t<div class=\"elementor-element elementor-element-4de3c3c6 e-con-full e-flex wpr-particle-no wpr-jarallax-no wpr-parallax-no wpr-sticky-section-no e-con e-child\" data-id=\"4de3c3c6\" data-element_type=\"container\" data-settings=\"{&quot;_ha_eqh_enable&quot;:false}\">\n\t\t\t\t<div class=\"elementor-element elementor-element-67312007 elementor-widget elementor-widget-image\" data-id=\"67312007\" data-element_type=\"widget\" data-widget_type=\"image.default\">\n\t\t\t\t<div class=\"elementor-widget-container\">\n\t\t\t\t\t\t\t\t\t\t\t\t\t\t\t<img decoding=\"async\" width=\"800\" height=\"558\" src=\"https:\/\/nubi-desserts.fr\/wp-content\/uploads\/2024\/05\/b8f15ab2-4b97-4076-b163-3bead47b9285-1024x714.webp\" class=\"attachment-large size-large wp-image-715\" alt=\"\" srcset=\"https:\/\/nubi-desserts.fr\/wp-content\/uploads\/2024\/05\/b8f15ab2-4b97-4076-b163-3bead47b9285-1024x714.webp 1024w, https:\/\/nubi-desserts.fr\/wp-content\/uploads\/2024\/05\/b8f15ab2-4b97-4076-b163-3bead47b9285-300x209.webp 300w, https:\/\/nubi-desserts.fr\/wp-content\/uploads\/2024\/05\/b8f15ab2-4b97-4076-b163-3bead47b9285-768x536.webp 768w, https:\/\/nubi-desserts.fr\/wp-content\/uploads\/2024\/05\/b8f15ab2-4b97-4076-b163-3bead47b9285-600x418.webp 600w, https:\/\/nubi-desserts.fr\/wp-content\/uploads\/2024\/05\/b8f15ab2-4b97-4076-b163-3bead47b9285.webp 1206w\" sizes=\"(max-width: 800px) 100vw, 800px\" \/>\t\t\t\t\t\t\t\t\t\t\t\t\t\t\t<\/div>\n\t\t\t\t<\/div>\n\t\t\t\t<\/div>\n\t\t\t\t\t<\/div>\n\t\t\t\t<\/div>\n\t\t\t\t<\/div>\n\t\t","protected":false},"excerpt":{"rendered":"<p>TIRAMISU Exotique POIDS NET : 100 gA consommer de pr\u00e9f\u00e9rence avant le : voir sous le pot.A conserver \u00e0 -18\u00b0C.Apr\u00e8s d\u00e9cong\u00e9lation, \u00e0 conserver entre 0 et +4\u00b0C au maximum 72h.Pr\u00e9paration : laisser d\u00e9congeler entre 0 et +4\u00b0C pendant 3h avant d\u00e9gustation.NE JAMAIS RECONGELER UN PRODUIT DECONGELE. P\u00e2tisserie \u00e0 la cr\u00e8me au mascarpone 22,4%, avec g\u00e9noise 8,7% et coulis de fruits exotiques 11,5%. Produit surgel\u00e9 Ingr\u00e9dients : M\u00e9lange de cr\u00e8me et de mascarpone [cr\u00e8me de LAIT pasteuris\u00e9e, mascarpone 22,4% (cr\u00e8me de LAIT, acide citrique), LAIT \u00e9cr\u00e9m\u00e9 en poudre, stabilisant : E401], coulis exotique 11,5% [pur\u00e9e de fruits exotiques 8,5% (ananas, mangue, fruit de la passion et citron vert), sirop de sucre inverti, sucre, stabilisant : E415], jaune d&#8217;\u0152UF, g\u00e9noise 8,7% [farine de BLE, amidon de BLE, amidon de riz, \u00e9mulsifiant : E475, sel, extrait de carotte, ar\u00f4me naturel de vanille, enzyme (alpha-amylase), sucre, \u0152UF. Traces possibles de : FRUITS A COQUES, SOJA \u00ab\u00a0Conditionn\u00e9 sous atmosph\u00e8re protectrice\u00a0\u00bb Valeurs nutritionnelles moyennes pour 100g Energie 1315 kJ &#8211; 317 kcal Mati\u00e8res grasses dont acides gras satur\u00e9s 24,1 g &#8211; 15,9 g Glucides dont sucres 20,8 g &#8211; 18,9 g Prot\u00e9ines 4,1 g Sel 0,17 g Envie de commercialiser nos produits ? Contactez-nous pour une collaboration savoureuse ! Devenir partenaire<\/p>\n","protected":false},"author":1,"featured_media":0,"parent":0,"menu_order":0,"comment_status":"closed","ping_status":"closed","template":"","meta":{"footnotes":""},"class_list":["post-1586","page","type-page","status-publish","hentry"],"yoast_head":"<!-- This site is optimized with the Yoast SEO plugin v24.3 - https:\/\/yoast.com\/wordpress\/plugins\/seo\/ -->\n<title>Tiramisu Fruits \u00e9xotiques - Nubi-desserts<\/title>\n<meta name=\"robots\" content=\"index, follow, max-snippet:-1, max-image-preview:large, max-video-preview:-1\" \/>\n<link rel=\"canonical\" href=\"https:\/\/nubi-desserts.fr\/index.php\/tiramisu-fruits-exotiques\/\" \/>\n<meta property=\"og:locale\" content=\"en_US\" \/>\n<meta property=\"og:type\" content=\"article\" \/>\n<meta property=\"og:title\" content=\"Tiramisu Fruits \u00e9xotiques - Nubi-desserts\" \/>\n<meta property=\"og:description\" content=\"TIRAMISU Exotique POIDS NET : 100 gA consommer de pr\u00e9f\u00e9rence avant le : voir sous le pot.A conserver \u00e0 -18\u00b0C.Apr\u00e8s d\u00e9cong\u00e9lation, \u00e0 conserver entre 0 et +4\u00b0C au maximum 72h.Pr\u00e9paration : laisser d\u00e9congeler entre 0 et +4\u00b0C pendant 3h avant d\u00e9gustation.NE JAMAIS RECONGELER UN PRODUIT DECONGELE. P\u00e2tisserie \u00e0 la cr\u00e8me au mascarpone 22,4%, avec g\u00e9noise 8,7% et coulis de fruits exotiques 11,5%. Produit surgel\u00e9 Ingr\u00e9dients : M\u00e9lange de cr\u00e8me et de mascarpone [cr\u00e8me de LAIT pasteuris\u00e9e, mascarpone 22,4% (cr\u00e8me de LAIT, acide citrique), LAIT \u00e9cr\u00e9m\u00e9 en poudre, stabilisant : E401], coulis exotique 11,5% [pur\u00e9e de fruits exotiques 8,5% (ananas, mangue, fruit de la passion et citron vert), sirop de sucre inverti, sucre, stabilisant : E415], jaune d&#8217;\u0152UF, g\u00e9noise 8,7% [farine de BLE, amidon de BLE, amidon de riz, \u00e9mulsifiant : E475, sel, extrait de carotte, ar\u00f4me naturel de vanille, enzyme (alpha-amylase), sucre, \u0152UF. Traces possibles de : FRUITS A COQUES, SOJA \u00ab\u00a0Conditionn\u00e9 sous atmosph\u00e8re protectrice\u00a0\u00bb Valeurs nutritionnelles moyennes pour 100g Energie 1315 kJ &#8211; 317 kcal Mati\u00e8res grasses dont acides gras satur\u00e9s 24,1 g &#8211; 15,9 g Glucides dont sucres 20,8 g &#8211; 18,9 g Prot\u00e9ines 4,1 g Sel 0,17 g Envie de commercialiser nos produits ? Contactez-nous pour une collaboration savoureuse ! Devenir partenaire\" \/>\n<meta property=\"og:url\" content=\"https:\/\/nubi-desserts.fr\/index.php\/tiramisu-fruits-exotiques\/\" \/>\n<meta property=\"og:site_name\" content=\"Nubi-desserts\" \/>\n<meta property=\"article:modified_time\" content=\"2024-06-17T09:50:35+00:00\" \/>\n<meta property=\"og:image\" content=\"http:\/\/nubi-desserts.fr\/wp-content\/uploads\/2024\/06\/exotique-min-1024x1024.webp\" \/>\n<meta name=\"twitter:card\" content=\"summary_large_image\" \/>\n<meta name=\"twitter:label1\" content=\"Est. reading time\" \/>\n\t<meta name=\"twitter:data1\" content=\"2 minutes\" \/>\n<script type=\"application\/ld+json\" class=\"yoast-schema-graph\">{\"@context\":\"https:\/\/schema.org\",\"@graph\":[{\"@type\":\"WebPage\",\"@id\":\"https:\/\/nubi-desserts.fr\/index.php\/tiramisu-fruits-exotiques\/\",\"url\":\"https:\/\/nubi-desserts.fr\/index.php\/tiramisu-fruits-exotiques\/\",\"name\":\"Tiramisu Fruits \u00e9xotiques - Nubi-desserts\",\"isPartOf\":{\"@id\":\"https:\/\/nubi-desserts.fr\/#website\"},\"primaryImageOfPage\":{\"@id\":\"https:\/\/nubi-desserts.fr\/index.php\/tiramisu-fruits-exotiques\/#primaryimage\"},\"image\":{\"@id\":\"https:\/\/nubi-desserts.fr\/index.php\/tiramisu-fruits-exotiques\/#primaryimage\"},\"thumbnailUrl\":\"http:\/\/nubi-desserts.fr\/wp-content\/uploads\/2024\/06\/exotique-min-1024x1024.webp\",\"datePublished\":\"2024-06-10T12:03:36+00:00\",\"dateModified\":\"2024-06-17T09:50:35+00:00\",\"breadcrumb\":{\"@id\":\"https:\/\/nubi-desserts.fr\/index.php\/tiramisu-fruits-exotiques\/#breadcrumb\"},\"inLanguage\":\"en-US\",\"potentialAction\":[{\"@type\":\"ReadAction\",\"target\":[\"https:\/\/nubi-desserts.fr\/index.php\/tiramisu-fruits-exotiques\/\"]}]},{\"@type\":\"ImageObject\",\"inLanguage\":\"en-US\",\"@id\":\"https:\/\/nubi-desserts.fr\/index.php\/tiramisu-fruits-exotiques\/#primaryimage\",\"url\":\"https:\/\/nubi-desserts.fr\/wp-content\/uploads\/2024\/06\/exotique-min.webp\",\"contentUrl\":\"https:\/\/nubi-desserts.fr\/wp-content\/uploads\/2024\/06\/exotique-min.webp\",\"width\":2000,\"height\":2000},{\"@type\":\"BreadcrumbList\",\"@id\":\"https:\/\/nubi-desserts.fr\/index.php\/tiramisu-fruits-exotiques\/#breadcrumb\",\"itemListElement\":[{\"@type\":\"ListItem\",\"position\":1,\"name\":\"Accueil\",\"item\":\"https:\/\/nubi-desserts.fr\/\"},{\"@type\":\"ListItem\",\"position\":2,\"name\":\"Tiramisu Fruits \u00e9xotiques\"}]},{\"@type\":\"WebSite\",\"@id\":\"https:\/\/nubi-desserts.fr\/#website\",\"url\":\"https:\/\/nubi-desserts.fr\/\",\"name\":\"Nubi-desserts\",\"description\":\"Nubi fournisseur de plaisirs\",\"potentialAction\":[{\"@type\":\"SearchAction\",\"target\":{\"@type\":\"EntryPoint\",\"urlTemplate\":\"https:\/\/nubi-desserts.fr\/?s={search_term_string}\"},\"query-input\":{\"@type\":\"PropertyValueSpecification\",\"valueRequired\":true,\"valueName\":\"search_term_string\"}}],\"inLanguage\":\"en-US\"}]}<\/script>\n<!-- \/ Yoast SEO plugin. -->","yoast_head_json":{"title":"Tiramisu Fruits \u00e9xotiques - Nubi-desserts","robots":{"index":"index","follow":"follow","max-snippet":"max-snippet:-1","max-image-preview":"max-image-preview:large","max-video-preview":"max-video-preview:-1"},"canonical":"https:\/\/nubi-desserts.fr\/index.php\/tiramisu-fruits-exotiques\/","og_locale":"en_US","og_type":"article","og_title":"Tiramisu Fruits \u00e9xotiques - Nubi-desserts","og_description":"TIRAMISU Exotique POIDS NET : 100 gA consommer de pr\u00e9f\u00e9rence avant le : voir sous le pot.A conserver \u00e0 -18\u00b0C.Apr\u00e8s d\u00e9cong\u00e9lation, \u00e0 conserver entre 0 et +4\u00b0C au maximum 72h.Pr\u00e9paration : laisser d\u00e9congeler entre 0 et +4\u00b0C pendant 3h avant d\u00e9gustation.NE JAMAIS RECONGELER UN PRODUIT DECONGELE. P\u00e2tisserie \u00e0 la cr\u00e8me au mascarpone 22,4%, avec g\u00e9noise 8,7% et coulis de fruits exotiques 11,5%. Produit surgel\u00e9 Ingr\u00e9dients : M\u00e9lange de cr\u00e8me et de mascarpone [cr\u00e8me de LAIT pasteuris\u00e9e, mascarpone 22,4% (cr\u00e8me de LAIT, acide citrique), LAIT \u00e9cr\u00e9m\u00e9 en poudre, stabilisant : E401], coulis exotique 11,5% [pur\u00e9e de fruits exotiques 8,5% (ananas, mangue, fruit de la passion et citron vert), sirop de sucre inverti, sucre, stabilisant : E415], jaune d&#8217;\u0152UF, g\u00e9noise 8,7% [farine de BLE, amidon de BLE, amidon de riz, \u00e9mulsifiant : E475, sel, extrait de carotte, ar\u00f4me naturel de vanille, enzyme (alpha-amylase), sucre, \u0152UF. Traces possibles de : FRUITS A COQUES, SOJA \u00ab\u00a0Conditionn\u00e9 sous atmosph\u00e8re protectrice\u00a0\u00bb Valeurs nutritionnelles moyennes pour 100g Energie 1315 kJ &#8211; 317 kcal Mati\u00e8res grasses dont acides gras satur\u00e9s 24,1 g &#8211; 15,9 g Glucides dont sucres 20,8 g &#8211; 18,9 g Prot\u00e9ines 4,1 g Sel 0,17 g Envie de commercialiser nos produits ? Contactez-nous pour une collaboration savoureuse ! Devenir partenaire","og_url":"https:\/\/nubi-desserts.fr\/index.php\/tiramisu-fruits-exotiques\/","og_site_name":"Nubi-desserts","article_modified_time":"2024-06-17T09:50:35+00:00","og_image":[{"url":"http:\/\/nubi-desserts.fr\/wp-content\/uploads\/2024\/06\/exotique-min-1024x1024.webp","type":"","width":"","height":""}],"twitter_card":"summary_large_image","twitter_misc":{"Est. reading time":"2 minutes"},"schema":{"@context":"https:\/\/schema.org","@graph":[{"@type":"WebPage","@id":"https:\/\/nubi-desserts.fr\/index.php\/tiramisu-fruits-exotiques\/","url":"https:\/\/nubi-desserts.fr\/index.php\/tiramisu-fruits-exotiques\/","name":"Tiramisu Fruits \u00e9xotiques - Nubi-desserts","isPartOf":{"@id":"https:\/\/nubi-desserts.fr\/#website"},"primaryImageOfPage":{"@id":"https:\/\/nubi-desserts.fr\/index.php\/tiramisu-fruits-exotiques\/#primaryimage"},"image":{"@id":"https:\/\/nubi-desserts.fr\/index.php\/tiramisu-fruits-exotiques\/#primaryimage"},"thumbnailUrl":"http:\/\/nubi-desserts.fr\/wp-content\/uploads\/2024\/06\/exotique-min-1024x1024.webp","datePublished":"2024-06-10T12:03:36+00:00","dateModified":"2024-06-17T09:50:35+00:00","breadcrumb":{"@id":"https:\/\/nubi-desserts.fr\/index.php\/tiramisu-fruits-exotiques\/#breadcrumb"},"inLanguage":"en-US","potentialAction":[{"@type":"ReadAction","target":["https:\/\/nubi-desserts.fr\/index.php\/tiramisu-fruits-exotiques\/"]}]},{"@type":"ImageObject","inLanguage":"en-US","@id":"https:\/\/nubi-desserts.fr\/index.php\/tiramisu-fruits-exotiques\/#primaryimage","url":"https:\/\/nubi-desserts.fr\/wp-content\/uploads\/2024\/06\/exotique-min.webp","contentUrl":"https:\/\/nubi-desserts.fr\/wp-content\/uploads\/2024\/06\/exotique-min.webp","width":2000,"height":2000},{"@type":"BreadcrumbList","@id":"https:\/\/nubi-desserts.fr\/index.php\/tiramisu-fruits-exotiques\/#breadcrumb","itemListElement":[{"@type":"ListItem","position":1,"name":"Accueil","item":"https:\/\/nubi-desserts.fr\/"},{"@type":"ListItem","position":2,"name":"Tiramisu Fruits \u00e9xotiques"}]},{"@type":"WebSite","@id":"https:\/\/nubi-desserts.fr\/#website","url":"https:\/\/nubi-desserts.fr\/","name":"Nubi-desserts","description":"Nubi fournisseur de plaisirs","potentialAction":[{"@type":"SearchAction","target":{"@type":"EntryPoint","urlTemplate":"https:\/\/nubi-desserts.fr\/?s={search_term_string}"},"query-input":{"@type":"PropertyValueSpecification","valueRequired":true,"valueName":"search_term_string"}}],"inLanguage":"en-US"}]}},"_links":{"self":[{"href":"https:\/\/nubi-desserts.fr\/index.php\/wp-json\/wp\/v2\/pages\/1586","targetHints":{"allow":["GET"]}}],"collection":[{"href":"https:\/\/nubi-desserts.fr\/index.php\/wp-json\/wp\/v2\/pages"}],"about":[{"href":"https:\/\/nubi-desserts.fr\/index.php\/wp-json\/wp\/v2\/types\/page"}],"author":[{"embeddable":true,"href":"https:\/\/nubi-desserts.fr\/index.php\/wp-json\/wp\/v2\/users\/1"}],"replies":[{"embeddable":true,"href":"https:\/\/nubi-desserts.fr\/index.php\/wp-json\/wp\/v2\/comments?post=1586"}],"version-history":[{"count":16,"href":"https:\/\/nubi-desserts.fr\/index.php\/wp-json\/wp\/v2\/pages\/1586\/revisions"}],"predecessor-version":[{"id":2543,"href":"https:\/\/nubi-desserts.fr\/index.php\/wp-json\/wp\/v2\/pages\/1586\/revisions\/2543"}],"wp:attachment":[{"href":"https:\/\/nubi-desserts.fr\/index.php\/wp-json\/wp\/v2\/media?parent=1586"}],"curies":[{"name":"wp","href":"https:\/\/api.w.org\/{rel}","templated":true}]}}