{"id":1533,"date":"2024-06-10T11:27:29","date_gmt":"2024-06-10T09:27:29","guid":{"rendered":"https:\/\/nubi-desserts.fr\/?page_id=1533"},"modified":"2024-06-17T10:34:44","modified_gmt":"2024-06-17T08:34:44","slug":"tiramisu-choco-caramel","status":"publish","type":"page","link":"https:\/\/nubi-desserts.fr\/index.php\/tiramisu-choco-caramel\/","title":{"rendered":"Tiramisu choco caramel"},"content":{"rendered":"\t\t<div data-elementor-type=\"wp-page\" data-elementor-id=\"1533\" class=\"elementor elementor-1533\" data-elementor-settings=\"{&quot;ha_cmc_init_switcher&quot;:&quot;no&quot;}\">\n\t\t\t\t<div class=\"elementor-element elementor-element-6afd8e1b e-flex e-con-boxed wpr-particle-no wpr-jarallax-no wpr-parallax-no wpr-sticky-section-no e-con e-parent\" data-id=\"6afd8e1b\" data-element_type=\"container\" data-settings=\"{&quot;_ha_eqh_enable&quot;:false}\">\n\t\t\t\t\t<div class=\"e-con-inner\">\n\t\t\t\t<div class=\"elementor-element elementor-element-2722c8e6 elementor-widget elementor-widget-heading\" data-id=\"2722c8e6\" data-element_type=\"widget\" data-widget_type=\"heading.default\">\n\t\t\t\t<div class=\"elementor-widget-container\">\n\t\t\t\t\t<h2 class=\"elementor-heading-title elementor-size-default\">\nTiramisu choco caramel<\/h2>\t\t\t\t<\/div>\n\t\t\t\t<\/div>\n\t\t\t\t\t<\/div>\n\t\t\t\t<\/div>\n\t\t<div class=\"elementor-element elementor-element-528dcaf0 e-flex e-con-boxed wpr-particle-no wpr-jarallax-no wpr-parallax-no wpr-sticky-section-no e-con e-parent\" data-id=\"528dcaf0\" data-element_type=\"container\" data-settings=\"{&quot;_ha_eqh_enable&quot;:false}\">\n\t\t\t\t\t<div class=\"e-con-inner\">\n\t\t<div class=\"elementor-element elementor-element-23a4e8fc e-con-full e-flex wpr-particle-no wpr-jarallax-no wpr-parallax-no wpr-sticky-section-no e-con e-child\" data-id=\"23a4e8fc\" data-element_type=\"container\" data-settings=\"{&quot;_ha_eqh_enable&quot;:false}\">\n\t\t\t\t<div class=\"elementor-element elementor-element-53c812fa elementor-widget elementor-widget-image\" data-id=\"53c812fa\" data-element_type=\"widget\" data-widget_type=\"image.default\">\n\t\t\t\t<div class=\"elementor-widget-container\">\n\t\t\t\t\t\t\t\t\t\t\t\t\t\t\t<img fetchpriority=\"high\" decoding=\"async\" width=\"800\" height=\"800\" src=\"https:\/\/nubi-desserts.fr\/wp-content\/uploads\/2024\/06\/chococaramel-min-1024x1024.webp\" class=\"attachment-large size-large wp-image-2425\" alt=\"\" srcset=\"https:\/\/nubi-desserts.fr\/wp-content\/uploads\/2024\/06\/chococaramel-min-1024x1024.webp 1024w, https:\/\/nubi-desserts.fr\/wp-content\/uploads\/2024\/06\/chococaramel-min-300x300.webp 300w, https:\/\/nubi-desserts.fr\/wp-content\/uploads\/2024\/06\/chococaramel-min-150x150.webp 150w, https:\/\/nubi-desserts.fr\/wp-content\/uploads\/2024\/06\/chococaramel-min-768x768.webp 768w, https:\/\/nubi-desserts.fr\/wp-content\/uploads\/2024\/06\/chococaramel-min-1536x1536.webp 1536w, https:\/\/nubi-desserts.fr\/wp-content\/uploads\/2024\/06\/chococaramel-min.webp 2000w\" sizes=\"(max-width: 800px) 100vw, 800px\" \/>\t\t\t\t\t\t\t\t\t\t\t\t\t\t\t<\/div>\n\t\t\t\t<\/div>\n\t\t\t\t<div class=\"elementor-element elementor-element-4ca5cdb content-align-cta-default elementor-widget elementor-widget-eael-cta-box\" data-id=\"4ca5cdb\" data-element_type=\"widget\" data-widget_type=\"eael-cta-box.default\">\n\t\t\t\t<div class=\"elementor-widget-container\">\n\t\t\t\t\t\t\t<div class=\"eael-call-to-action cta-basic bg-lite cta-preset-1\">\n        <h2 class=\"title\">Envie de commercialiser nos produits ?<\/h2><p>Contactez-nous pour une collaboration savoureuse !<\/p><a href=\"https:\/\/nubi-desserts.fr\/index.php\/partenaire\/\" class=\"cta-button  \">Devenir partenaire<\/a>\t<\/div>\n\t\t\t\t\t\t\t\t<\/div>\n\t\t\t\t<\/div>\n\t\t\t\t<\/div>\n\t\t<div class=\"elementor-element elementor-element-4670b833 e-con-full e-flex wpr-particle-no wpr-jarallax-no wpr-parallax-no wpr-sticky-section-no e-con e-child\" data-id=\"4670b833\" data-element_type=\"container\" data-settings=\"{&quot;_ha_eqh_enable&quot;:false}\">\n\t\t\t\t<div class=\"elementor-element elementor-element-5ca51c3c elementor-widget elementor-widget-text-editor\" data-id=\"5ca51c3c\" data-element_type=\"widget\" data-widget_type=\"text-editor.default\">\n\t\t\t\t<div class=\"elementor-widget-container\">\n\t\t\t\t\t\t\t\t\t<p><strong>P\u00e2tisserie \u00e0 la cr\u00e8me au mascarpone 21,6%, avec g\u00e9noise 8,7%, coulis caramel 9,6%, saupoudr\u00e9e de brisures de caramel croquant avec chocolat au lait 4,8%<\/strong><\/p><p><em><strong>Produit surgel\u00e9<\/strong><\/em><\/p><p><strong>Ingr\u00e9dients :<\/strong><\/p><div class=\"group\/conversation-turn relative flex w-full min-w-0 flex-col agent-turn\"><div class=\"flex-col gap-1 md:gap-3\"><div class=\"flex flex-grow flex-col max-w-full\"><div class=\"min-h-[20px] text-message flex flex-col items-start whitespace-pre-wrap break-words [.text-message+&amp;]:mt-5 juice:w-full juice:items-end overflow-x-auto gap-2\" dir=\"auto\" data-message-author-role=\"assistant\" data-message-id=\"78f6e9f8-4956-4418-b632-0f7c45762a04\"><div class=\"flex w-full flex-col gap-1 juice:empty:hidden juice:first:pt-[3px]\"><div class=\"markdown prose w-full break-words dark:prose-invert dark\"><p>M\u00e9lange de cr\u00e8me et de mascarpone [cr\u00e8me de <strong>LAIT<\/strong> pasteuris\u00e9e, mascarpone 21,6% (cr\u00e8me de <strong>LAIT<\/strong>, acide citrique), <strong>LAIT<\/strong> \u00e9cr\u00e9m\u00e9 en poudre, stabilisant : E401], jaune <strong>d&#8217;\u0152UF<\/strong>, coulis caramel 9,6% [sucre, cr\u00e8me liquide (<strong>LAIT<\/strong>), eau, sirop de glucose, <strong>LAIT<\/strong> concentr\u00e9 sucr\u00e9, humectant : E422, \u00e9paississant : E440i, ar\u00f4me naturel, conservateur : E202], g\u00e9noise 8,7% [farine de BLE, amidon de <strong>BLE<\/strong>, amidon de riz, \u00e9mulsifiant : E475, sel, extrait de carotte, ar\u00f4me naturel de vanille, enzyme (alpha-amylase), sucre, <strong>\u0152UF<\/strong> entier, eau, poudre \u00e0 lever], sucre, blanc <strong>d&#8217;\u0152UF<\/strong>, grain de caramel croquant avec chocolat au <strong>LAIT<\/strong> 4,8% [sucre, huile de palme, beurre de cacao, p\u00e2te de cacao, lactos\u00e9rum en poudre (<strong>LAIT<\/strong>), <strong>LAIT<\/strong> \u00e9cr\u00e9m\u00e9 en poudre, <strong>AMANDES<\/strong>, beurre concentr\u00e9 (<strong>LAIT<\/strong>), amidon de ma\u00efs, pr\u00e9paration \u00e0 base de lactos\u00e9rum (<strong>LAIT<\/strong>), <strong>LAIT<\/strong> \u00e9cr\u00e9m\u00e9 concentr\u00e9 sucr\u00e9, sel, \u00e9mulsifiant : l\u00e9cithines de <strong>SOJA<\/strong>, ar\u00f4mes]<\/p><\/div><\/div><\/div><\/div><\/div><\/div>\t\t\t\t\t\t\t\t<\/div>\n\t\t\t\t<\/div>\n\t\t\t\t<div class=\"elementor-element elementor-element-5eddbb01 eael-table-align-left eael-dt-th-align-left elementor-widget elementor-widget-eael-data-table\" data-id=\"5eddbb01\" data-element_type=\"widget\" data-widget_type=\"eael-data-table.default\">\n\t\t\t\t<div class=\"elementor-widget-container\">\n\t\t\t\t\t\t\t<div class=\"eael-data-table-wrap\" data-table_id=\"5eddbb01\" id=\"eael-data-table-wrapper-5eddbb01\" data-custom_responsive=\"false\">\n\t\t\t<table class=\"tablesorter eael-data-table left\" id=\"eael-data-table-5eddbb01\">\n\t\t\t    <thead>\n\t\t\t        <tr class=\"table-header\">\n\t\t\t\t\t\t\t\t\t            <th class=\"\" id=\"\" colspan=\"\">\n\t\t\t\t\t\t\t\t\t\t\t\t\t\t<span class=\"data-table-header-text\">Valeurs nutritionnelles moyennes pour 100g<\/span><\/th>\n\t\t\t        \t\t\t\t            <th class=\"\" id=\"\" colspan=\"\">\n\t\t\t\t\t\t\t\t\t\t\t\t\t\t<span class=\"data-table-header-text\"><\/span><\/th>\n\t\t\t        \t\t\t\t        <\/tr>\n\t\t\t    <\/thead>\n\t\t\t  \t<tbody>\n\t\t\t\t\t\t\t\t\t\t\t<tr>\n\t\t\t\t\t\t\t\t\t\t\t\t\t\t\t\t   \t\t\t\t\t\t\t\t\t\t\t<td colspan=\"\" rowspan=\"\" class=\"\" id=\"\">\n\t\t\t\t\t\t\t\t\t\t\t\t<div class=\"td-content-wrapper\"><div class=\"td-content\">\n\t\t\t\t\t\t\t\t\t\t\t\t\tEnergie\t\t\t\t\t\t\t\t\t\t\t\t<\/div><\/div>\n\t\t\t\t\t\t\t\t\t\t\t<\/td>\n\t\t\t\t\t\t\t\t\t\t\t\t\t\t\t\t\t\t\t\t\t\t\t\t\t\t\t\t\t   \t\t\t\t\t\t\t\t\t\t\t<td colspan=\"\" rowspan=\"\" class=\"\" id=\"\">\n\t\t\t\t\t\t\t\t\t\t\t\t<div class=\"td-content-wrapper\"><div class=\"td-content\">\n\t\t\t\t\t\t\t\t\t\t\t\t\t1445 kJ &#8211; 347 kcal\t\t\t\t\t\t\t\t\t\t\t\t<\/div><\/div>\n\t\t\t\t\t\t\t\t\t\t\t<\/td>\n\t\t\t\t\t\t\t\t\t\t\t\t\t\t\t\t\t\t\t\t\t\t\t\t\t\t<\/tr>\n\t\t\t        \t\t\t\t\t\t<tr>\n\t\t\t\t\t\t\t\t\t\t\t\t\t\t\t\t   \t\t\t\t\t\t\t\t\t\t\t<td colspan=\"\" rowspan=\"\" class=\"\" id=\"\">\n\t\t\t\t\t\t\t\t\t\t\t\t<div class=\"td-content-wrapper\"><div class=\"td-content\">\n\t\t\t\t\t\t\t\t\t\t\t\t\tMati\u00e8res grasses \ndont acides gras satur\u00e9s\t\t\t\t\t\t\t\t\t\t\t\t<\/div><\/div>\n\t\t\t\t\t\t\t\t\t\t\t<\/td>\n\t\t\t\t\t\t\t\t\t\t\t\t\t\t\t\t\t\t\t\t\t\t\t\t\t\t\t\t\t   \t\t\t\t\t\t\t\t\t\t\t<td colspan=\"\" rowspan=\"\" class=\"\" id=\"\">\n\t\t\t\t\t\t\t\t\t\t\t\t<div class=\"td-content-wrapper\"><div class=\"td-content\">\n\t\t\t\t\t\t\t\t\t\t\t\t\t25,4 g &#8211;\n16,6 g\t\t\t\t\t\t\t\t\t\t\t\t<\/div><\/div>\n\t\t\t\t\t\t\t\t\t\t\t<\/td>\n\t\t\t\t\t\t\t\t\t\t\t\t\t\t\t\t\t\t\t\t\t\t\t\t\t\t<\/tr>\n\t\t\t        \t\t\t\t\t\t<tr>\n\t\t\t\t\t\t\t\t\t\t\t\t\t\t\t\t   \t\t\t\t\t\t\t\t\t\t\t<td colspan=\"\" rowspan=\"\" class=\"\" id=\"\">\n\t\t\t\t\t\t\t\t\t\t\t\t<div class=\"td-content-wrapper\"><div class=\"td-content\">\n\t\t\t\t\t\t\t\t\t\t\t\t\tGlucides \ndont sucres \t\t\t\t\t\t\t\t\t\t\t\t<\/div><\/div>\n\t\t\t\t\t\t\t\t\t\t\t<\/td>\n\t\t\t\t\t\t\t\t\t\t\t\t\t\t\t\t\t\t\t\t\t\t\t\t\t\t\t\t\t   \t\t\t\t\t\t\t\t\t\t\t<td colspan=\"\" rowspan=\"\" class=\"\" id=\"\">\n\t\t\t\t\t\t\t\t\t\t\t\t<div class=\"td-content-wrapper\"><div class=\"td-content\">\n\t\t\t\t\t\t\t\t\t\t\t\t\t25,5 g &#8211; 23,3 g\t\t\t\t\t\t\t\t\t\t\t\t<\/div><\/div>\n\t\t\t\t\t\t\t\t\t\t\t<\/td>\n\t\t\t\t\t\t\t\t\t\t\t\t\t\t\t\t\t\t\t\t\t\t\t\t\t\t<\/tr>\n\t\t\t        \t\t\t\t\t\t<tr>\n\t\t\t\t\t\t\t\t\t\t\t\t\t\t\t\t   \t\t\t\t\t\t\t\t\t\t\t<td colspan=\"\" rowspan=\"\" class=\"\" id=\"\">\n\t\t\t\t\t\t\t\t\t\t\t\t<div class=\"td-content-wrapper\"><div class=\"td-content\">\n\t\t\t\t\t\t\t\t\t\t\t\t\tProt\u00e9ines\t\t\t\t\t\t\t\t\t\t\t\t<\/div><\/div>\n\t\t\t\t\t\t\t\t\t\t\t<\/td>\n\t\t\t\t\t\t\t\t\t\t\t\t\t\t\t\t\t\t\t\t\t\t\t\t\t\t\t\t\t   \t\t\t\t\t\t\t\t\t\t\t<td colspan=\"\" rowspan=\"\" class=\"\" id=\"\">\n\t\t\t\t\t\t\t\t\t\t\t\t<div class=\"td-content-wrapper\"><div class=\"td-content\">\n\t\t\t\t\t\t\t\t\t\t\t\t\t4,2 g\t\t\t\t\t\t\t\t\t\t\t\t<\/div><\/div>\n\t\t\t\t\t\t\t\t\t\t\t<\/td>\n\t\t\t\t\t\t\t\t\t\t\t\t\t\t\t\t\t\t\t\t\t\t\t\t\t\t<\/tr>\n\t\t\t        \t\t\t\t\t\t<tr>\n\t\t\t\t\t\t\t\t\t\t\t\t\t\t\t\t   \t\t\t\t\t\t\t\t\t\t\t<td colspan=\"\" rowspan=\"\" class=\"\" id=\"\">\n\t\t\t\t\t\t\t\t\t\t\t\t<div class=\"td-content-wrapper\"><div class=\"td-content\">\n\t\t\t\t\t\t\t\t\t\t\t\t\tSel\t\t\t\t\t\t\t\t\t\t\t\t<\/div><\/div>\n\t\t\t\t\t\t\t\t\t\t\t<\/td>\n\t\t\t\t\t\t\t\t\t\t\t\t\t\t\t\t\t\t\t\t\t\t\t\t\t\t\t\t\t   \t\t\t\t\t\t\t\t\t\t\t<td colspan=\"\" rowspan=\"\" class=\"\" id=\"\">\n\t\t\t\t\t\t\t\t\t\t\t\t<div class=\"td-content-wrapper\"><div class=\"td-content\">\n\t\t\t\t\t\t\t\t\t\t\t\t\t0,2 g\t\t\t\t\t\t\t\t\t\t\t\t<\/div><\/div>\n\t\t\t\t\t\t\t\t\t\t\t<\/td>\n\t\t\t\t\t\t\t\t\t\t\t\t\t\t\t\t\t\t\t\t\t\t\t\t\t\t<\/tr>\n\t\t\t        \t\t\t    <\/tbody>\n\t\t\t<\/table>\n\t\t<\/div>\n\t  \t\t\t\t\t<\/div>\n\t\t\t\t<\/div>\n\t\t\t\t<\/div>\n\t\t\t\t\t<\/div>\n\t\t\t\t<\/div>\n\t\t\t\t<\/div>\n\t\t","protected":false},"excerpt":{"rendered":"<p>Tiramisu choco caramel Envie de commercialiser nos produits ? Contactez-nous pour une collaboration savoureuse ! Devenir partenaire P\u00e2tisserie \u00e0 la cr\u00e8me au mascarpone 21,6%, avec g\u00e9noise 8,7%, coulis caramel 9,6%, saupoudr\u00e9e de brisures de caramel croquant avec chocolat au lait 4,8% Produit surgel\u00e9 Ingr\u00e9dients : M\u00e9lange de cr\u00e8me et de mascarpone [cr\u00e8me de LAIT pasteuris\u00e9e, mascarpone 21,6% (cr\u00e8me de LAIT, acide citrique), LAIT \u00e9cr\u00e9m\u00e9 en poudre, stabilisant : E401], jaune d&#8217;\u0152UF, coulis caramel 9,6% [sucre, cr\u00e8me liquide (LAIT), eau, sirop de glucose, LAIT concentr\u00e9 sucr\u00e9, humectant : E422, \u00e9paississant : E440i, ar\u00f4me naturel, conservateur : E202], g\u00e9noise 8,7% [farine de BLE, amidon de BLE, amidon de riz, \u00e9mulsifiant : E475, sel, extrait de carotte, ar\u00f4me naturel de vanille, enzyme (alpha-amylase), sucre, \u0152UF entier, eau, poudre \u00e0 lever], sucre, blanc d&#8217;\u0152UF, grain de caramel croquant avec chocolat au LAIT 4,8% [sucre, huile de palme, beurre de cacao, p\u00e2te de cacao, lactos\u00e9rum en poudre (LAIT), LAIT \u00e9cr\u00e9m\u00e9 en poudre, AMANDES, beurre concentr\u00e9 (LAIT), amidon de ma\u00efs, pr\u00e9paration \u00e0 base de lactos\u00e9rum (LAIT), LAIT \u00e9cr\u00e9m\u00e9 concentr\u00e9 sucr\u00e9, sel, \u00e9mulsifiant : l\u00e9cithines de SOJA, ar\u00f4mes] Valeurs nutritionnelles moyennes pour 100g Energie 1445 kJ &#8211; 347 kcal Mati\u00e8res grasses dont acides gras satur\u00e9s 25,4 g &#8211; 16,6 g Glucides dont sucres 25,5 g &#8211; 23,3 g Prot\u00e9ines 4,2 g Sel 0,2 g<\/p>\n","protected":false},"author":1,"featured_media":0,"parent":0,"menu_order":0,"comment_status":"closed","ping_status":"closed","template":"","meta":{"footnotes":""},"class_list":["post-1533","page","type-page","status-publish","hentry"],"yoast_head":"<!-- This site is optimized with the Yoast SEO plugin v24.3 - https:\/\/yoast.com\/wordpress\/plugins\/seo\/ -->\n<title>Tiramisu choco caramel - Nubi-desserts<\/title>\n<meta name=\"robots\" content=\"index, follow, max-snippet:-1, max-image-preview:large, max-video-preview:-1\" \/>\n<link rel=\"canonical\" href=\"https:\/\/nubi-desserts.fr\/index.php\/tiramisu-choco-caramel\/\" \/>\n<meta property=\"og:locale\" content=\"en_US\" \/>\n<meta property=\"og:type\" content=\"article\" \/>\n<meta property=\"og:title\" content=\"Tiramisu choco caramel - Nubi-desserts\" \/>\n<meta property=\"og:description\" content=\"Tiramisu choco caramel Envie de commercialiser nos produits ? Contactez-nous pour une collaboration savoureuse ! Devenir partenaire P\u00e2tisserie \u00e0 la cr\u00e8me au mascarpone 21,6%, avec g\u00e9noise 8,7%, coulis caramel 9,6%, saupoudr\u00e9e de brisures de caramel croquant avec chocolat au lait 4,8% Produit surgel\u00e9 Ingr\u00e9dients : M\u00e9lange de cr\u00e8me et de mascarpone [cr\u00e8me de LAIT pasteuris\u00e9e, mascarpone 21,6% (cr\u00e8me de LAIT, acide citrique), LAIT \u00e9cr\u00e9m\u00e9 en poudre, stabilisant : E401], jaune d&#8217;\u0152UF, coulis caramel 9,6% [sucre, cr\u00e8me liquide (LAIT), eau, sirop de glucose, LAIT concentr\u00e9 sucr\u00e9, humectant : E422, \u00e9paississant : E440i, ar\u00f4me naturel, conservateur : E202], g\u00e9noise 8,7% [farine de BLE, amidon de BLE, amidon de riz, \u00e9mulsifiant : E475, sel, extrait de carotte, ar\u00f4me naturel de vanille, enzyme (alpha-amylase), sucre, \u0152UF entier, eau, poudre \u00e0 lever], sucre, blanc d&#8217;\u0152UF, grain de caramel croquant avec chocolat au LAIT 4,8% [sucre, huile de palme, beurre de cacao, p\u00e2te de cacao, lactos\u00e9rum en poudre (LAIT), LAIT \u00e9cr\u00e9m\u00e9 en poudre, AMANDES, beurre concentr\u00e9 (LAIT), amidon de ma\u00efs, pr\u00e9paration \u00e0 base de lactos\u00e9rum (LAIT), LAIT \u00e9cr\u00e9m\u00e9 concentr\u00e9 sucr\u00e9, sel, \u00e9mulsifiant : l\u00e9cithines de SOJA, ar\u00f4mes] Valeurs nutritionnelles moyennes pour 100g Energie 1445 kJ &#8211; 347 kcal Mati\u00e8res grasses dont acides gras satur\u00e9s 25,4 g &#8211; 16,6 g Glucides dont sucres 25,5 g &#8211; 23,3 g Prot\u00e9ines 4,2 g Sel 0,2 g\" \/>\n<meta property=\"og:url\" content=\"https:\/\/nubi-desserts.fr\/index.php\/tiramisu-choco-caramel\/\" \/>\n<meta property=\"og:site_name\" content=\"Nubi-desserts\" \/>\n<meta property=\"article:modified_time\" content=\"2024-06-17T08:34:44+00:00\" \/>\n<meta property=\"og:image\" content=\"http:\/\/nubi-desserts.fr\/wp-content\/uploads\/2024\/06\/chococaramel-min-1024x1024.webp\" \/>\n<meta name=\"twitter:card\" content=\"summary_large_image\" \/>\n<meta name=\"twitter:label1\" content=\"Est. reading time\" \/>\n\t<meta name=\"twitter:data1\" content=\"2 minutes\" \/>\n<script type=\"application\/ld+json\" class=\"yoast-schema-graph\">{\"@context\":\"https:\/\/schema.org\",\"@graph\":[{\"@type\":\"WebPage\",\"@id\":\"https:\/\/nubi-desserts.fr\/index.php\/tiramisu-choco-caramel\/\",\"url\":\"https:\/\/nubi-desserts.fr\/index.php\/tiramisu-choco-caramel\/\",\"name\":\"Tiramisu choco caramel - Nubi-desserts\",\"isPartOf\":{\"@id\":\"https:\/\/nubi-desserts.fr\/#website\"},\"primaryImageOfPage\":{\"@id\":\"https:\/\/nubi-desserts.fr\/index.php\/tiramisu-choco-caramel\/#primaryimage\"},\"image\":{\"@id\":\"https:\/\/nubi-desserts.fr\/index.php\/tiramisu-choco-caramel\/#primaryimage\"},\"thumbnailUrl\":\"http:\/\/nubi-desserts.fr\/wp-content\/uploads\/2024\/06\/chococaramel-min-1024x1024.webp\",\"datePublished\":\"2024-06-10T09:27:29+00:00\",\"dateModified\":\"2024-06-17T08:34:44+00:00\",\"breadcrumb\":{\"@id\":\"https:\/\/nubi-desserts.fr\/index.php\/tiramisu-choco-caramel\/#breadcrumb\"},\"inLanguage\":\"en-US\",\"potentialAction\":[{\"@type\":\"ReadAction\",\"target\":[\"https:\/\/nubi-desserts.fr\/index.php\/tiramisu-choco-caramel\/\"]}]},{\"@type\":\"ImageObject\",\"inLanguage\":\"en-US\",\"@id\":\"https:\/\/nubi-desserts.fr\/index.php\/tiramisu-choco-caramel\/#primaryimage\",\"url\":\"https:\/\/nubi-desserts.fr\/wp-content\/uploads\/2024\/06\/chococaramel-min.webp\",\"contentUrl\":\"https:\/\/nubi-desserts.fr\/wp-content\/uploads\/2024\/06\/chococaramel-min.webp\",\"width\":2000,\"height\":2000},{\"@type\":\"BreadcrumbList\",\"@id\":\"https:\/\/nubi-desserts.fr\/index.php\/tiramisu-choco-caramel\/#breadcrumb\",\"itemListElement\":[{\"@type\":\"ListItem\",\"position\":1,\"name\":\"Accueil\",\"item\":\"https:\/\/nubi-desserts.fr\/\"},{\"@type\":\"ListItem\",\"position\":2,\"name\":\"Tiramisu choco caramel\"}]},{\"@type\":\"WebSite\",\"@id\":\"https:\/\/nubi-desserts.fr\/#website\",\"url\":\"https:\/\/nubi-desserts.fr\/\",\"name\":\"Nubi-desserts\",\"description\":\"Nubi fournisseur de plaisirs\",\"potentialAction\":[{\"@type\":\"SearchAction\",\"target\":{\"@type\":\"EntryPoint\",\"urlTemplate\":\"https:\/\/nubi-desserts.fr\/?s={search_term_string}\"},\"query-input\":{\"@type\":\"PropertyValueSpecification\",\"valueRequired\":true,\"valueName\":\"search_term_string\"}}],\"inLanguage\":\"en-US\"}]}<\/script>\n<!-- \/ Yoast SEO plugin. -->","yoast_head_json":{"title":"Tiramisu choco caramel - Nubi-desserts","robots":{"index":"index","follow":"follow","max-snippet":"max-snippet:-1","max-image-preview":"max-image-preview:large","max-video-preview":"max-video-preview:-1"},"canonical":"https:\/\/nubi-desserts.fr\/index.php\/tiramisu-choco-caramel\/","og_locale":"en_US","og_type":"article","og_title":"Tiramisu choco caramel - Nubi-desserts","og_description":"Tiramisu choco caramel Envie de commercialiser nos produits ? Contactez-nous pour une collaboration savoureuse ! Devenir partenaire P\u00e2tisserie \u00e0 la cr\u00e8me au mascarpone 21,6%, avec g\u00e9noise 8,7%, coulis caramel 9,6%, saupoudr\u00e9e de brisures de caramel croquant avec chocolat au lait 4,8% Produit surgel\u00e9 Ingr\u00e9dients : M\u00e9lange de cr\u00e8me et de mascarpone [cr\u00e8me de LAIT pasteuris\u00e9e, mascarpone 21,6% (cr\u00e8me de LAIT, acide citrique), LAIT \u00e9cr\u00e9m\u00e9 en poudre, stabilisant : E401], jaune d&#8217;\u0152UF, coulis caramel 9,6% [sucre, cr\u00e8me liquide (LAIT), eau, sirop de glucose, LAIT concentr\u00e9 sucr\u00e9, humectant : E422, \u00e9paississant : E440i, ar\u00f4me naturel, conservateur : E202], g\u00e9noise 8,7% [farine de BLE, amidon de BLE, amidon de riz, \u00e9mulsifiant : E475, sel, extrait de carotte, ar\u00f4me naturel de vanille, enzyme (alpha-amylase), sucre, \u0152UF entier, eau, poudre \u00e0 lever], sucre, blanc d&#8217;\u0152UF, grain de caramel croquant avec chocolat au LAIT 4,8% [sucre, huile de palme, beurre de cacao, p\u00e2te de cacao, lactos\u00e9rum en poudre (LAIT), LAIT \u00e9cr\u00e9m\u00e9 en poudre, AMANDES, beurre concentr\u00e9 (LAIT), amidon de ma\u00efs, pr\u00e9paration \u00e0 base de lactos\u00e9rum (LAIT), LAIT \u00e9cr\u00e9m\u00e9 concentr\u00e9 sucr\u00e9, sel, \u00e9mulsifiant : l\u00e9cithines de SOJA, ar\u00f4mes] Valeurs nutritionnelles moyennes pour 100g Energie 1445 kJ &#8211; 347 kcal Mati\u00e8res grasses dont acides gras satur\u00e9s 25,4 g &#8211; 16,6 g Glucides dont sucres 25,5 g &#8211; 23,3 g Prot\u00e9ines 4,2 g Sel 0,2 g","og_url":"https:\/\/nubi-desserts.fr\/index.php\/tiramisu-choco-caramel\/","og_site_name":"Nubi-desserts","article_modified_time":"2024-06-17T08:34:44+00:00","og_image":[{"url":"http:\/\/nubi-desserts.fr\/wp-content\/uploads\/2024\/06\/chococaramel-min-1024x1024.webp","type":"","width":"","height":""}],"twitter_card":"summary_large_image","twitter_misc":{"Est. reading time":"2 minutes"},"schema":{"@context":"https:\/\/schema.org","@graph":[{"@type":"WebPage","@id":"https:\/\/nubi-desserts.fr\/index.php\/tiramisu-choco-caramel\/","url":"https:\/\/nubi-desserts.fr\/index.php\/tiramisu-choco-caramel\/","name":"Tiramisu choco caramel - Nubi-desserts","isPartOf":{"@id":"https:\/\/nubi-desserts.fr\/#website"},"primaryImageOfPage":{"@id":"https:\/\/nubi-desserts.fr\/index.php\/tiramisu-choco-caramel\/#primaryimage"},"image":{"@id":"https:\/\/nubi-desserts.fr\/index.php\/tiramisu-choco-caramel\/#primaryimage"},"thumbnailUrl":"http:\/\/nubi-desserts.fr\/wp-content\/uploads\/2024\/06\/chococaramel-min-1024x1024.webp","datePublished":"2024-06-10T09:27:29+00:00","dateModified":"2024-06-17T08:34:44+00:00","breadcrumb":{"@id":"https:\/\/nubi-desserts.fr\/index.php\/tiramisu-choco-caramel\/#breadcrumb"},"inLanguage":"en-US","potentialAction":[{"@type":"ReadAction","target":["https:\/\/nubi-desserts.fr\/index.php\/tiramisu-choco-caramel\/"]}]},{"@type":"ImageObject","inLanguage":"en-US","@id":"https:\/\/nubi-desserts.fr\/index.php\/tiramisu-choco-caramel\/#primaryimage","url":"https:\/\/nubi-desserts.fr\/wp-content\/uploads\/2024\/06\/chococaramel-min.webp","contentUrl":"https:\/\/nubi-desserts.fr\/wp-content\/uploads\/2024\/06\/chococaramel-min.webp","width":2000,"height":2000},{"@type":"BreadcrumbList","@id":"https:\/\/nubi-desserts.fr\/index.php\/tiramisu-choco-caramel\/#breadcrumb","itemListElement":[{"@type":"ListItem","position":1,"name":"Accueil","item":"https:\/\/nubi-desserts.fr\/"},{"@type":"ListItem","position":2,"name":"Tiramisu choco caramel"}]},{"@type":"WebSite","@id":"https:\/\/nubi-desserts.fr\/#website","url":"https:\/\/nubi-desserts.fr\/","name":"Nubi-desserts","description":"Nubi fournisseur de plaisirs","potentialAction":[{"@type":"SearchAction","target":{"@type":"EntryPoint","urlTemplate":"https:\/\/nubi-desserts.fr\/?s={search_term_string}"},"query-input":{"@type":"PropertyValueSpecification","valueRequired":true,"valueName":"search_term_string"}}],"inLanguage":"en-US"}]}},"_links":{"self":[{"href":"https:\/\/nubi-desserts.fr\/index.php\/wp-json\/wp\/v2\/pages\/1533","targetHints":{"allow":["GET"]}}],"collection":[{"href":"https:\/\/nubi-desserts.fr\/index.php\/wp-json\/wp\/v2\/pages"}],"about":[{"href":"https:\/\/nubi-desserts.fr\/index.php\/wp-json\/wp\/v2\/types\/page"}],"author":[{"embeddable":true,"href":"https:\/\/nubi-desserts.fr\/index.php\/wp-json\/wp\/v2\/users\/1"}],"replies":[{"embeddable":true,"href":"https:\/\/nubi-desserts.fr\/index.php\/wp-json\/wp\/v2\/comments?post=1533"}],"version-history":[{"count":13,"href":"https:\/\/nubi-desserts.fr\/index.php\/wp-json\/wp\/v2\/pages\/1533\/revisions"}],"predecessor-version":[{"id":2537,"href":"https:\/\/nubi-desserts.fr\/index.php\/wp-json\/wp\/v2\/pages\/1533\/revisions\/2537"}],"wp:attachment":[{"href":"https:\/\/nubi-desserts.fr\/index.php\/wp-json\/wp\/v2\/media?parent=1533"}],"curies":[{"name":"wp","href":"https:\/\/api.w.org\/{rel}","templated":true}]}}